{"id":17550,"date":"2026-03-23T21:48:32","date_gmt":"2026-03-24T01:48:32","guid":{"rendered":"https:\/\/aflashoflife.ca\/?post_type=product&#038;p=17550"},"modified":"2026-03-23T22:52:41","modified_gmt":"2026-03-24T02:52:41","slug":"event-photography","status":"publish","type":"product","link":"https:\/\/aflashoflife.ca\/zh\/service\/event-photography\/","title":{"rendered":"\u6d3b\u52a8\u6444\u5f71"},"content":{"rendered":"","protected":false},"excerpt":{"rendered":"","protected":false},"featured_media":15374,"template":"","meta":[],"product_brand":[],"product_cat":[179],"product_tag":[],"class_list":{"0":"post-17550","1":"product","2":"type-product","3":"status-publish","4":"has-post-thumbnail","6":"product_cat-event-photography","8":"first","9":"instock","10":"taxable","11":"shipping-taxable","12":"purchasable","13":"product-type-simple"},"exclude_global_add_ons":false,"addons":[{"name":"Photography","type":"multiple_choice","position":0,"required":true,"title_format":"label","default":"0","description_enable":false,"description":"","placeholder_enable":false,"placeholder":"","display":"select","restrictions_type":"any_text","adjust_price":false,"price":"","price_type":"flat_fee","restrictions":false,"min":"0","max":"0","options":[{"label":"2 Hours Coverage","price":"180","price_type":"flat_fee","image":0,"visibility":true},{"label":"3 Hours Coverage","price":"270","price_type":"flat_fee","image":0,"visibility":true},{"label":"4 Hours Coverage","price":"360","price_type":"flat_fee","image":0,"visibility":true},{"label":"5 Hours Coverage","price":"450","price_type":"flat_fee","image":0,"visibility":true},{"label":"Custom Quote","price":"","price_type":"flat_fee","image":0,"visibility":true}],"id":1763316802},{"name":"\u89c6\u9891","type":"multiple_choice","position":1,"required":false,"title_format":"label","default":"","description_enable":false,"description":"If you book drone photos, we\u2019ll include complimentary drone footage in your final video.","placeholder_enable":false,"placeholder":"","display":"select","restrictions_type":"any_text","adjust_price":false,"price":"","price_type":"flat_fee","restrictions":false,"min":"0","max":"0","options":[{"label":"2 Hours Coverage","price":"200","price_type":"flat_fee","image":0,"visibility":true},{"label":"3 Hours Coverage","price":"300","price_type":"flat_fee","image":0,"visibility":true},{"label":"4 Hours Coverage","price":"400","price_type":"flat_fee","image":0,"visibility":true},{"label":"5 Hours Coverage","price":"500","price_type":"flat_fee","image":0,"visibility":true},{"label":"Custom Quote","price":"","price_type":"flat_fee","image":0,"visibility":true}],"id":1774279542},{"name":"Photo Prints","type":"multiple_choice","position":2,"required":false,"title_format":"label","default":"","description_enable":false,"description":"","placeholder_enable":false,"placeholder":"","display":"select","restrictions_type":"any_text","adjust_price":false,"price":"","price_type":"flat_fee","restrictions":false,"min":"0","max":"0","options":[{"label":"4\u00d76 - $3 each","price":"","price_type":"flat_fee","image":0,"visibility":true},{"label":"5\u00d77 - $5 each","price":"","price_type":"flat_fee","image":0,"visibility":true},{"label":"8\u00d710 - $10 each","price":"","price_type":"flat_fee","image":0,"visibility":true},{"label":"Not sure? Decide after photos are ready \u2014 we\u2019ll update your order.","price":"","price_type":"flat_fee","image":0,"visibility":true}],"id":1774288339},{"name":"Add-Ons","type":"checkbox","position":3,"required":false,"title_format":"label","default":"","description_enable":false,"description":"If you book drone photos, we\u2019ll include complimentary drone footage in your final video.","placeholder_enable":false,"placeholder":"","display":"select","restrictions_type":"any_text","adjust_price":false,"price":"","price_type":"flat_fee","restrictions":false,"min":"0","max":"0","options":[{"label":"Drone Photos","price":"100","price_type":"flat_fee","image":0,"visibility":true},{"label":"Same-Day Delivery (by midnight)","price":"20","price_type":"flat_fee","image":0,"visibility":true}],"id":1763317544}],"jetpack_sharing_enabled":true,"_links":{"self":[{"href":"https:\/\/aflashoflife.ca\/zh\/wp-json\/wp\/v2\/product\/17550","targetHints":{"allow":["GET"]}}],"collection":[{"href":"https:\/\/aflashoflife.ca\/zh\/wp-json\/wp\/v2\/product"}],"about":[{"href":"https:\/\/aflashoflife.ca\/zh\/wp-json\/wp\/v2\/types\/product"}],"version-history":[{"count":0,"href":"https:\/\/aflashoflife.ca\/zh\/wp-json\/wp\/v2\/product\/17550\/revisions"}],"wp:featuredmedia":[{"embeddable":true,"href":"https:\/\/aflashoflife.ca\/zh\/wp-json\/wp\/v2\/media\/15374"}],"wp:attachment":[{"href":"https:\/\/aflashoflife.ca\/zh\/wp-json\/wp\/v2\/media?parent=17550"}],"wp:term":[{"taxonomy":"product_brand","embeddable":true,"href":"https:\/\/aflashoflife.ca\/zh\/wp-json\/wp\/v2\/product_brand?post=17550"},{"taxonomy":"product_cat","embeddable":true,"href":"https:\/\/aflashoflife.ca\/zh\/wp-json\/wp\/v2\/product_cat?post=17550"},{"taxonomy":"product_tag","embeddable":true,"href":"https:\/\/aflashoflife.ca\/zh\/wp-json\/wp\/v2\/product_tag?post=17550"}],"curies":[{"name":"wp","href":"https:\/\/api.w.org\/{rel}","templated":true}]}}